{"id":126,"date":"2022-01-04T10:11:34","date_gmt":"2022-01-04T10:11:34","guid":{"rendered":"http:\/\/pension-fuchsbau32.de\/Home\/?page_id=126"},"modified":"2022-01-05T19:09:46","modified_gmt":"2022-01-05T19:09:46","slug":"anreise","status":"publish","type":"page","link":"https:\/\/fuchsbau32.de\/en\/anreise\/","title":{"rendered":"Directions"},"content":{"rendered":"<div data-elementor-type=\"wp-page\" data-elementor-id=\"126\" class=\"elementor elementor-126\">\n\t\t\t\t\t\t\t\t\t<section class=\"elementor-section elementor-top-section elementor-element elementor-element-bc7d25b elementor-section-boxed elementor-section-height-default elementor-section-height-default\" data-id=\"bc7d25b\" data-element_type=\"section\">\n\t\t\t\t\t\t<div class=\"elementor-container elementor-column-gap-default\">\n\t\t\t\t\t<div class=\"elementor-column elementor-col-100 elementor-top-column elementor-element elementor-element-d9bf2de\" data-id=\"d9bf2de\" data-element_type=\"column\">\n\t\t\t<div class=\"elementor-widget-wrap\">\n\t\t\t\t\t\t\t\t\t<\/div>\n\t\t<\/div>\n\t\t\t\t\t\t\t<\/div>\n\t\t<\/section>\n\t\t\t\t<section class=\"elementor-section elementor-top-section elementor-element elementor-element-64b6749 elementor-section-height-min-height elementor-section-content-top elementor-section-boxed elementor-section-height-default elementor-section-items-middle\" data-id=\"64b6749\" data-element_type=\"section\" data-settings=\"{&quot;background_background&quot;:&quot;classic&quot;}\">\n\t\t\t\t\t\t\t<div class=\"elementor-background-overlay\"><\/div>\n\t\t\t\t\t\t\t<div class=\"elementor-container elementor-column-gap-no\">\n\t\t\t\t\t<div class=\"elementor-column elementor-col-100 elementor-top-column elementor-element elementor-element-78ef70f2\" data-id=\"78ef70f2\" data-element_type=\"column\">\n\t\t\t<div class=\"elementor-widget-wrap elementor-element-populated\">\n\t\t\t\t\t\t\t\t<section class=\"elementor-section elementor-inner-section elementor-element elementor-element-1b71ecb4 elementor-section-boxed elementor-section-height-default elementor-section-height-default\" data-id=\"1b71ecb4\" data-element_type=\"section\">\n\t\t\t\t\t\t\t<div class=\"elementor-background-overlay\"><\/div>\n\t\t\t\t\t\t\t<div class=\"elementor-container elementor-column-gap-default\">\n\t\t\t\t\t<div class=\"elementor-column elementor-col-100 elementor-inner-column elementor-element elementor-element-18ad194c\" data-id=\"18ad194c\" data-element_type=\"column\">\n\t\t\t<div class=\"elementor-widget-wrap\">\n\t\t\t\t\t\t\t\t\t<\/div>\n\t\t<\/div>\n\t\t\t\t\t\t\t<\/div>\n\t\t<\/section>\n\t\t\t\t<div class=\"elementor-element elementor-element-12dc2b5 elementor-widget elementor-widget-text-editor\" data-id=\"12dc2b5\" data-element_type=\"widget\" data-widget_type=\"text-editor.default\">\n\t\t\t\t<div class=\"elementor-widget-container\">\n\t\t\t<style>\/*! elementor - v3.6.6 - 08-06-2022 *\/\n.elementor-widget-text-editor.elementor-drop-cap-view-stacked .elementor-drop-cap{background-color:#818a91;color:#fff}.elementor-widget-text-editor.elementor-drop-cap-view-framed .elementor-drop-cap{color:#818a91;border:3px solid;background-color:transparent}.elementor-widget-text-editor:not(.elementor-drop-cap-view-default) .elementor-drop-cap{margin-top:8px}.elementor-widget-text-editor:not(.elementor-drop-cap-view-default) .elementor-drop-cap-letter{width:1em;height:1em}.elementor-widget-text-editor .elementor-drop-cap{float:left;text-align:center;line-height:1;font-size:50px}.elementor-widget-text-editor .elementor-drop-cap-letter{display:inline-block}<\/style>\t\t\t\t<p><strong>Arrival by car<\/strong><\/p>\t\t\t\t\t\t<\/div>\n\t\t\t\t<\/div>\n\t\t\t\t<div class=\"elementor-element elementor-element-5936a52f elementor-widget elementor-widget-text-editor\" data-id=\"5936a52f\" data-element_type=\"widget\" data-widget_type=\"text-editor.default\">\n\t\t\t\t<div class=\"elementor-widget-container\">\n\t\t\t\t\t\t\t<p id=\"groesse12\" class=\" translation-block\"><b>From the direction of Munich<\/b> via the A9, at the Feucht interchange take the A73 in the direction of Feucht\/N\u00fcrnberg. After approx. 500 meters, take the Feucht exit.<\/p><p id=\"groesse12\" class=\" translation-block\"><b>From the direction of Berlin<\/b> via the A9; at the Nuremberg freeway junction continue in the direction of Munich on the A9;at the Feucht freeway junction immediately after the Feucht service area take the A73 in the direction of Feucht\/Nuremberg. After approx. 500 meters, take the exit for Feucht.<\/p><p id=\"groesse12\" class=\" translation-block\"><b>From Frankfurt<\/b> via the A3; at the Nuremberg intersection, turn onto the A9 toward Munich; at the Feucht interchange, immediately after the Feucht service area, take the A73 toward Feucht\/Nuremberg. After approx. 500 meters, take the exit for Feucht.<\/p><p id=\"groesse12\" class=\" translation-block\"><b>From Heilbronn<\/b> via the A6; at the N\u00fcrnberg-S\u00fcd intersection, turn onto the A73 toward Feucht. Then take the 2nd exit to Feucht.<\/p><p id=\"groesse12\" class=\" translation-block\"><b>From the direction of Amberg<\/b> via the A6; at the Nuremberg intersection, turn onto the A9 toward Munich; at the Feucht interchange, immediately after the Feucht service area, take the A73 toward Feucht\/Nuremberg. After approx. 500 meters, take the exit for Feucht.<\/p><p id=\"groesse12\" class=\" translation-block\"><b>From Regensburg<\/b> via the A3; at the Altdorf interchange, turn onto the A6 toward Heilbronn\/Munich\/Nuremberg; at the Nuremberg interchange, turn onto the A9 toward Munich; at the Feucht interchange, immediately after the Feucht service area, turn onto the A73 toward Feucht\/Nuremberg. After approx. 500 meters, take the exit for Feucht.<\/p><p id=\"groesse12\" class=\" translation-block\"><b>From Nuremberg<\/b> always follow the directions to the Munich highway. You will reach the A73 or A9. Continue there until you reach the Feucht exit.<\/p><p>\u00a0<\/p><p id=\"groesse12\" class=\" translation-block\"><b>After the Feucht<\/b> exit, turn right at the first traffic light. Stay on the main road. After about 2 km you will reach the town sign of Schwarzenbruck. Attention: a sill reminds you of the prescribed speed of 30 km\/h! Continue along the main road for approx. 300 m. Our house is located on the left side of the road, slightly set back with a narrow driveway.<\/p>\t\t\t\t\t\t<\/div>\n\t\t\t\t<\/div>\n\t\t\t\t<div class=\"elementor-element elementor-element-240e712d elementor-widget elementor-widget-spacer\" data-id=\"240e712d\" data-element_type=\"widget\" data-widget_type=\"spacer.default\">\n\t\t\t\t<div class=\"elementor-widget-container\">\n\t\t\t<style>\/*! elementor - v3.6.6 - 08-06-2022 *\/\n.e-container.e-container--row .elementor-spacer-inner{width:var(--spacer-size)}.e-container.e-container--column .elementor-spacer-inner,.elementor-column .elementor-spacer-inner{height:var(--spacer-size)}<\/style>\t\t<div class=\"elementor-spacer\">\n\t\t\t<div class=\"elementor-spacer-inner\"><\/div>\n\t\t<\/div>\n\t\t\t\t<\/div>\n\t\t\t\t<\/div>\n\t\t\t\t\t<\/div>\n\t\t<\/div>\n\t\t\t\t\t\t\t<\/div>\n\t\t<\/section>\n\t\t\t\t<section class=\"elementor-section elementor-inner-section elementor-element elementor-element-f1af297 elementor-section-boxed elementor-section-height-default elementor-section-height-default\" data-id=\"f1af297\" data-element_type=\"section\">\n\t\t\t\t\t\t<div class=\"elementor-container elementor-column-gap-default\">\n\t\t\t\t\t<div class=\"elementor-column elementor-col-100 elementor-inner-column elementor-element elementor-element-2ee96835\" data-id=\"2ee96835\" data-element_type=\"column\">\n\t\t\t<div class=\"elementor-widget-wrap elementor-element-populated\">\n\t\t\t\t\t\t\t\t<div class=\"elementor-element elementor-element-2cf1519f elementor-widget elementor-widget-google_maps\" data-id=\"2cf1519f\" data-element_type=\"widget\" data-widget_type=\"google_maps.default\">\n\t\t\t\t<div class=\"elementor-widget-container\">\n\t\t\t<style>\/*! elementor - v3.6.6 - 08-06-2022 *\/\n.elementor-widget-google_maps .elementor-widget-container{overflow:hidden}.elementor-widget-google_maps iframe{height:300px}<\/style>\t\t<div class=\"elementor-custom-embed\">\n\t\t\t<iframe frameborder=\"0\" scrolling=\"no\" marginheight=\"0\" marginwidth=\"0\"\n\t\t\t\t\tsrc=\"https:\/\/maps.google.com\/maps?q=Gsteinacher%20Str.%2032%2090592%20Schwarzenbruck&#038;t=m&#038;z=11&#038;output=embed&#038;iwloc=near\"\n\t\t\t\t\ttitle=\"Gsteinacher Str. 32 90592 Schwarzenbruck\"\n\t\t\t\t\taria-label=\"Gsteinacher Str. 32 90592 Schwarzenbruck\"\n\t\t\t><\/iframe>\n\t\t<\/div>\n\t\t\t\t<\/div>\n\t\t\t\t<\/div>\n\t\t\t\t\t<\/div>\n\t\t<\/div>\n\t\t\t\t\t\t\t<\/div>\n\t\t<\/section>\n\t\t\t\t\t\t\t<\/div>","protected":false},"excerpt":{"rendered":"<p>Anreise mit dem Pkw Aus Richtung M\u00fcnchen\u00a0\u00fcber die A9, am Autobahndreieck Feucht auf die A73 Richtung Feucht\/N\u00fcrnberg. Nach ca. 500 Metern Ausfahrt Feucht ausfahren. Aus Richtung Berlin\u00a0\u00fcber die A9; am Autobahnkreuz N\u00fcrnberg weiter Richtung M\u00fcnchen auf der A9;am Autobahndreieck Feucht unmittelbar nach der Rastst\u00e4tte Feucht auf die A73 Richtung Feucht\/N\u00fcrnberg. Nach ca. 500 Metern Ausfahrt [&hellip;]<\/p>","protected":false},"author":1,"featured_media":0,"parent":0,"menu_order":0,"comment_status":"closed","ping_status":"closed","template":"","meta":{"footnotes":""},"class_list":["post-126","page","type-page","status-publish","hentry","entry"],"_links":{"self":[{"href":"https:\/\/fuchsbau32.de\/en\/wp-json\/wp\/v2\/pages\/126","targetHints":{"allow":["GET"]}}],"collection":[{"href":"https:\/\/fuchsbau32.de\/en\/wp-json\/wp\/v2\/pages"}],"about":[{"href":"https:\/\/fuchsbau32.de\/en\/wp-json\/wp\/v2\/types\/page"}],"author":[{"embeddable":true,"href":"https:\/\/fuchsbau32.de\/en\/wp-json\/wp\/v2\/users\/1"}],"replies":[{"embeddable":true,"href":"https:\/\/fuchsbau32.de\/en\/wp-json\/wp\/v2\/comments?post=126"}],"version-history":[{"count":4,"href":"https:\/\/fuchsbau32.de\/en\/wp-json\/wp\/v2\/pages\/126\/revisions"}],"predecessor-version":[{"id":454,"href":"https:\/\/fuchsbau32.de\/en\/wp-json\/wp\/v2\/pages\/126\/revisions\/454"}],"wp:attachment":[{"href":"https:\/\/fuchsbau32.de\/en\/wp-json\/wp\/v2\/media?parent=126"}],"curies":[{"name":"wp","href":"https:\/\/api.w.org\/{rel}","templated":true}]}}